{"id":28,"date":"2025-07-31T15:52:13","date_gmt":"2025-07-31T13:52:13","guid":{"rendered":"https:\/\/efficiens.it\/?page_id=28"},"modified":"2025-08-20T12:02:04","modified_gmt":"2025-08-20T10:02:04","slug":"home","status":"publish","type":"page","link":"https:\/\/efficiens.it\/en\/","title":{"rendered":"Home"},"content":{"rendered":"<div data-elementor-type=\"wp-page\" data-elementor-id=\"28\" class=\"elementor elementor-28\" data-elementor-post-type=\"page\">\n\t\t\t\t<div class=\"elementor-element elementor-element-5843b03 e-flex e-con-boxed e-con e-parent\" data-id=\"5843b03\" data-element_type=\"container\" data-e-type=\"container\">\n\t\t\t\t\t<div class=\"e-con-inner\">\n\t\t<div class=\"elementor-element elementor-element-2e8de22 e-con-full e-flex e-con e-child\" data-id=\"2e8de22\" data-element_type=\"container\" data-e-type=\"container\">\n\t\t\t\t<div class=\"elementor-element elementor-element-9aecfaa elementor-widget elementor-widget-heading\" data-id=\"9aecfaa\" data-element_type=\"widget\" data-e-type=\"widget\" data-widget_type=\"heading.default\">\n\t\t\t\t\t<h1 class=\"elementor-heading-title elementor-size-default\">Zero to One<br>\nOne to Ten<\/h1>\t\t\t\t<\/div>\n\t\t\t\t<div class=\"elementor-element elementor-element-4d06d4c elementor-widget__width-initial elementor-widget-tablet__width-inherit elementor-widget-mobile__width-inherit textHome elementor-widget elementor-widget-text-editor\" data-id=\"4d06d4c\" data-element_type=\"widget\" data-e-type=\"widget\" data-widget_type=\"text-editor.default\">\n\t\t\t\t\t\t\t\t\t<p class=\"translation-block\">We give shape to what does not exist yet. We accelerate what is already reality.<br>\nFrom the first MVP to global scale, we accompany startups and companies through every stage of growth.<\/p><blockquote><p>\u201cEfficiens,\u201d the present participle of the Latin verb Efficio, means \u201cThe one who acts, the one who makes things real.\u201d<\/p><\/blockquote>\t\t\t\t\t\t\t\t<\/div>\n\t\t\t\t<div class=\"elementor-element elementor-element-32f7599 elementor-widget__width-auto elementor-widget elementor-widget-button\" data-id=\"32f7599\" data-element_type=\"widget\" data-e-type=\"widget\" data-widget_type=\"button.default\">\n\t\t\t\t\t\t\t\t\t\t<a class=\"elementor-button elementor-button-link elementor-size-sm\" href=\"https:\/\/efficiens.it\/en\/contatti\/\">\n\t\t\t\t\t\t<span class=\"elementor-button-content-wrapper\">\n\t\t\t\t\t\t<span class=\"elementor-button-icon\">\n\t\t\t\t<svg xmlns=\"http:\/\/www.w3.org\/2000\/svg\" width=\"14\" height=\"14\" viewbox=\"0 0 14 14\" fill=\"none\"><path d=\"M1.9 13.5L0.5 12.1L10.1 2.5H1.5V0.5H13.5V12.5H11.5V3.9L1.9 13.5Z\" fill=\"#FFFAF4\"><\/path><\/svg>\t\t\t<\/span>\n\t\t\t\t\t\t\t\t\t<span class=\"elementor-button-text\">Enter the Cube<\/span>\n\t\t\t\t\t<\/span>\n\t\t\t\t\t<\/a>\n\t\t\t\t\t\t\t\t<\/div>\n\t\t\t\t<div class=\"elementor-element elementor-element-2899b88 elementor-absolute elementor-hidden-desktop elementor-hidden-tablet_extra elementor-hidden-tablet elementor-widget elementor-widget-image\" data-id=\"2899b88\" data-element_type=\"widget\" data-e-type=\"widget\" data-settings=\"{&quot;_position&quot;:&quot;absolute&quot;}\" data-widget_type=\"image.default\">\n\t\t\t\t\t\t\t\t\t\t\t\t\t\t\t<img fetchpriority=\"high\" decoding=\"async\" width=\"800\" height=\"1010\" src=\"https:\/\/efficiens.it\/wp-content\/uploads\/2025\/08\/cuboEfficiens_Def-811x1024.webp\" class=\"attachment-large size-large wp-image-1084\" alt=\"\" srcset=\"https:\/\/efficiens.it\/wp-content\/uploads\/2025\/08\/cuboEfficiens_Def-811x1024.webp 811w, https:\/\/efficiens.it\/wp-content\/uploads\/2025\/08\/cuboEfficiens_Def-238x300.webp 238w, https:\/\/efficiens.it\/wp-content\/uploads\/2025\/08\/cuboEfficiens_Def-768x970.webp 768w, https:\/\/efficiens.it\/wp-content\/uploads\/2025\/08\/cuboEfficiens_Def.webp 1054w\" sizes=\"(max-width: 800px) 100vw, 800px\" \/>\t\t\t\t\t\t\t\t\t\t\t\t\t\t\t<\/div>\n\t\t\t\t<\/div>\n\t\t<div class=\"elementor-element elementor-element-3fab489 e-con-full elementor-hidden-mobile containerCuboHome e-flex e-con e-child\" data-id=\"3fab489\" data-element_type=\"container\" data-e-type=\"container\" data-settings=\"{&quot;background_background&quot;:&quot;classic&quot;}\">\n\t\t\t\t<div class=\"elementor-element elementor-element-54d2a34 elementor-widget elementor-widget-image\" data-id=\"54d2a34\" data-element_type=\"widget\" data-e-type=\"widget\" data-widget_type=\"image.default\">\n\t\t\t\t\t\t\t\t\t\t\t\t\t\t\t<img fetchpriority=\"high\" decoding=\"async\" width=\"800\" height=\"1010\" src=\"https:\/\/efficiens.it\/wp-content\/uploads\/2025\/08\/cuboEfficiens_Def-811x1024.webp\" class=\"attachment-large size-large wp-image-1084\" alt=\"\" srcset=\"https:\/\/efficiens.it\/wp-content\/uploads\/2025\/08\/cuboEfficiens_Def-811x1024.webp 811w, https:\/\/efficiens.it\/wp-content\/uploads\/2025\/08\/cuboEfficiens_Def-238x300.webp 238w, https:\/\/efficiens.it\/wp-content\/uploads\/2025\/08\/cuboEfficiens_Def-768x970.webp 768w, https:\/\/efficiens.it\/wp-content\/uploads\/2025\/08\/cuboEfficiens_Def.webp 1054w\" sizes=\"(max-width: 800px) 100vw, 800px\" \/>\t\t\t\t\t\t\t\t\t\t\t\t\t\t\t<\/div>\n\t\t\t\t<\/div>\n\t\t\t\t\t<\/div>\n\t\t\t\t<\/div>\n\t\t\t\t<\/div>","protected":false},"excerpt":{"rendered":"<p>Zero to One One to Ten Diamo forma a ci\u00f2 che non esiste ancora. E acceleriamo ci\u00f2 che \u00e8 gi\u00e0 realt\u00e0.Dal primo MVP alla scala globale, accompagniamo startup e aziende in ogni fase della crescita. &#8220;Efficiens&#8221;, participio presente del verbo latino Efficio, significa: &#8220;colui che fa, colui che rende le cose concrete.&#8221; Entra nel Cube<\/p>","protected":false},"author":1,"featured_media":0,"parent":0,"menu_order":0,"comment_status":"closed","ping_status":"closed","template":"","meta":{"_acf_changed":false,"footnotes":""},"class_list":["post-28","page","type-page","status-publish","hentry"],"acf":[],"yoast_head":"<!-- This site is optimized with the Yoast SEO plugin v26.9 - https:\/\/yoast.com\/product\/yoast-seo-wordpress\/ -->\n<title>Home - Efficiens<\/title>\n<meta name=\"robots\" content=\"index, follow, max-snippet:-1, max-image-preview:large, max-video-preview:-1\" \/>\n<link rel=\"canonical\" href=\"https:\/\/efficiens.it\/en\/\" \/>\n<meta property=\"og:locale\" content=\"en_GB\" \/>\n<meta property=\"og:type\" content=\"article\" \/>\n<meta property=\"og:title\" content=\"Home - Efficiens\" \/>\n<meta property=\"og:description\" content=\"Zero to One One to Ten Diamo forma a ci\u00f2 che non esiste ancora. E acceleriamo ci\u00f2 che \u00e8 gi\u00e0 realt\u00e0.Dal primo MVP alla scala globale, accompagniamo startup e aziende in ogni fase della crescita. &#8220;Efficiens&#8221;, participio presente del verbo latino Efficio, significa: &#8220;colui che fa, colui che rende le cose concrete.&#8221; Entra nel Cube\" \/>\n<meta property=\"og:url\" content=\"https:\/\/efficiens.it\/en\/\" \/>\n<meta property=\"og:site_name\" content=\"Efficiens\" \/>\n<meta property=\"article:modified_time\" content=\"2025-08-20T10:02:04+00:00\" \/>\n<meta property=\"og:image\" content=\"https:\/\/efficiens.it\/wp-content\/uploads\/2025\/08\/cuboEfficiens_Def.webp\" \/>\n\t<meta property=\"og:image:width\" content=\"1054\" \/>\n\t<meta property=\"og:image:height\" content=\"1331\" \/>\n\t<meta property=\"og:image:type\" content=\"image\/webp\" \/>\n<meta name=\"twitter:card\" content=\"summary_large_image\" \/>\n<meta name=\"twitter:label1\" content=\"Estimated reading time\" \/>\n\t<meta name=\"twitter:data1\" content=\"1 minute\" \/>\n<script type=\"application\/ld+json\" class=\"yoast-schema-graph\">{\"@context\":\"https:\/\/schema.org\",\"@graph\":[{\"@type\":\"WebPage\",\"@id\":\"https:\/\/efficiens.it\/\",\"url\":\"https:\/\/efficiens.it\/\",\"name\":\"Home - Efficiens\",\"isPartOf\":{\"@id\":\"https:\/\/efficiens.it\/#website\"},\"primaryImageOfPage\":{\"@id\":\"https:\/\/efficiens.it\/#primaryimage\"},\"image\":{\"@id\":\"https:\/\/efficiens.it\/#primaryimage\"},\"thumbnailUrl\":\"https:\/\/efficiens.it\/wp-content\/uploads\/2025\/08\/cuboEfficiens_Def-811x1024.webp\",\"datePublished\":\"2025-07-31T13:52:13+00:00\",\"dateModified\":\"2025-08-20T10:02:04+00:00\",\"breadcrumb\":{\"@id\":\"https:\/\/efficiens.it\/#breadcrumb\"},\"inLanguage\":\"en-GB\",\"potentialAction\":[{\"@type\":\"ReadAction\",\"target\":[\"https:\/\/efficiens.it\/\"]}]},{\"@type\":\"ImageObject\",\"inLanguage\":\"en-GB\",\"@id\":\"https:\/\/efficiens.it\/#primaryimage\",\"url\":\"https:\/\/efficiens.it\/wp-content\/uploads\/2025\/08\/cuboEfficiens_Def-811x1024.webp\",\"contentUrl\":\"https:\/\/efficiens.it\/wp-content\/uploads\/2025\/08\/cuboEfficiens_Def-811x1024.webp\"},{\"@type\":\"BreadcrumbList\",\"@id\":\"https:\/\/efficiens.it\/#breadcrumb\",\"itemListElement\":[{\"@type\":\"ListItem\",\"position\":1,\"name\":\"Home\",\"item\":\"https:\/\/efficiens.it\/\"},{\"@type\":\"ListItem\",\"position\":2,\"name\":\"Home\"}]},{\"@type\":\"WebSite\",\"@id\":\"https:\/\/efficiens.it\/#website\",\"url\":\"https:\/\/efficiens.it\/\",\"name\":\"Efficiens\",\"description\":\"\",\"publisher\":{\"@id\":\"https:\/\/efficiens.it\/#organization\"},\"potentialAction\":[{\"@type\":\"SearchAction\",\"target\":{\"@type\":\"EntryPoint\",\"urlTemplate\":\"https:\/\/efficiens.it\/?s={search_term_string}\"},\"query-input\":{\"@type\":\"PropertyValueSpecification\",\"valueRequired\":true,\"valueName\":\"search_term_string\"}}],\"inLanguage\":\"en-GB\"},{\"@type\":\"Organization\",\"@id\":\"https:\/\/efficiens.it\/#organization\",\"name\":\"Efficiens\",\"url\":\"https:\/\/efficiens.it\/\",\"logo\":{\"@type\":\"ImageObject\",\"inLanguage\":\"en-GB\",\"@id\":\"https:\/\/efficiens.it\/#\/schema\/logo\/image\/\",\"url\":\"https:\/\/efficiens.it\/wp-content\/uploads\/2025\/07\/Efficiens_Logo.svg\",\"contentUrl\":\"https:\/\/efficiens.it\/wp-content\/uploads\/2025\/07\/Efficiens_Logo.svg\",\"width\":35,\"height\":40,\"caption\":\"Efficiens\"},\"image\":{\"@id\":\"https:\/\/efficiens.it\/#\/schema\/logo\/image\/\"}}]}<\/script>\n<!-- \/ Yoast SEO plugin. -->","yoast_head_json":{"title":"Home - Efficiens","robots":{"index":"index","follow":"follow","max-snippet":"max-snippet:-1","max-image-preview":"max-image-preview:large","max-video-preview":"max-video-preview:-1"},"canonical":"https:\/\/efficiens.it\/en\/","og_locale":"en_GB","og_type":"article","og_title":"Home - Efficiens","og_description":"Zero to One One to Ten Diamo forma a ci\u00f2 che non esiste ancora. E acceleriamo ci\u00f2 che \u00e8 gi\u00e0 realt\u00e0.Dal primo MVP alla scala globale, accompagniamo startup e aziende in ogni fase della crescita. &#8220;Efficiens&#8221;, participio presente del verbo latino Efficio, significa: &#8220;colui che fa, colui che rende le cose concrete.&#8221; Entra nel Cube","og_url":"https:\/\/efficiens.it\/en\/","og_site_name":"Efficiens","article_modified_time":"2025-08-20T10:02:04+00:00","og_image":[{"width":1054,"height":1331,"url":"https:\/\/efficiens.it\/wp-content\/uploads\/2025\/08\/cuboEfficiens_Def.webp","type":"image\/webp"}],"twitter_card":"summary_large_image","twitter_misc":{"Estimated reading time":"1 minute"},"schema":{"@context":"https:\/\/schema.org","@graph":[{"@type":"WebPage","@id":"https:\/\/efficiens.it\/","url":"https:\/\/efficiens.it\/","name":"Home - Efficiens","isPartOf":{"@id":"https:\/\/efficiens.it\/#website"},"primaryImageOfPage":{"@id":"https:\/\/efficiens.it\/#primaryimage"},"image":{"@id":"https:\/\/efficiens.it\/#primaryimage"},"thumbnailUrl":"https:\/\/efficiens.it\/wp-content\/uploads\/2025\/08\/cuboEfficiens_Def-811x1024.webp","datePublished":"2025-07-31T13:52:13+00:00","dateModified":"2025-08-20T10:02:04+00:00","breadcrumb":{"@id":"https:\/\/efficiens.it\/#breadcrumb"},"inLanguage":"en-GB","potentialAction":[{"@type":"ReadAction","target":["https:\/\/efficiens.it\/"]}]},{"@type":"ImageObject","inLanguage":"en-GB","@id":"https:\/\/efficiens.it\/#primaryimage","url":"https:\/\/efficiens.it\/wp-content\/uploads\/2025\/08\/cuboEfficiens_Def-811x1024.webp","contentUrl":"https:\/\/efficiens.it\/wp-content\/uploads\/2025\/08\/cuboEfficiens_Def-811x1024.webp"},{"@type":"BreadcrumbList","@id":"https:\/\/efficiens.it\/#breadcrumb","itemListElement":[{"@type":"ListItem","position":1,"name":"Home","item":"https:\/\/efficiens.it\/"},{"@type":"ListItem","position":2,"name":"Home"}]},{"@type":"WebSite","@id":"https:\/\/efficiens.it\/#website","url":"https:\/\/efficiens.it\/","name":"Efficiens","description":"","publisher":{"@id":"https:\/\/efficiens.it\/#organization"},"potentialAction":[{"@type":"SearchAction","target":{"@type":"EntryPoint","urlTemplate":"https:\/\/efficiens.it\/?s={search_term_string}"},"query-input":{"@type":"PropertyValueSpecification","valueRequired":true,"valueName":"search_term_string"}}],"inLanguage":"en-GB"},{"@type":"Organization","@id":"https:\/\/efficiens.it\/#organization","name":"Efficiens","url":"https:\/\/efficiens.it\/","logo":{"@type":"ImageObject","inLanguage":"en-GB","@id":"https:\/\/efficiens.it\/#\/schema\/logo\/image\/","url":"https:\/\/efficiens.it\/wp-content\/uploads\/2025\/07\/Efficiens_Logo.svg","contentUrl":"https:\/\/efficiens.it\/wp-content\/uploads\/2025\/07\/Efficiens_Logo.svg","width":35,"height":40,"caption":"Efficiens"},"image":{"@id":"https:\/\/efficiens.it\/#\/schema\/logo\/image\/"}}]}},"_links":{"self":[{"href":"https:\/\/efficiens.it\/en\/wp-json\/wp\/v2\/pages\/28","targetHints":{"allow":["GET"]}}],"collection":[{"href":"https:\/\/efficiens.it\/en\/wp-json\/wp\/v2\/pages"}],"about":[{"href":"https:\/\/efficiens.it\/en\/wp-json\/wp\/v2\/types\/page"}],"author":[{"embeddable":true,"href":"https:\/\/efficiens.it\/en\/wp-json\/wp\/v2\/users\/1"}],"replies":[{"embeddable":true,"href":"https:\/\/efficiens.it\/en\/wp-json\/wp\/v2\/comments?post=28"}],"version-history":[{"count":193,"href":"https:\/\/efficiens.it\/en\/wp-json\/wp\/v2\/pages\/28\/revisions"}],"predecessor-version":[{"id":1198,"href":"https:\/\/efficiens.it\/en\/wp-json\/wp\/v2\/pages\/28\/revisions\/1198"}],"wp:attachment":[{"href":"https:\/\/efficiens.it\/en\/wp-json\/wp\/v2\/media?parent=28"}],"curies":[{"name":"wp","href":"https:\/\/api.w.org\/{rel}","templated":true}]}}